{"id":16,"date":"2023-01-28T18:48:24","date_gmt":"2023-01-28T17:48:24","guid":{"rendered":"https:\/\/spiritof.one\/index.php\/info\/"},"modified":"2025-06-03T12:50:52","modified_gmt":"2025-06-03T10:50:52","slug":"info","status":"publish","type":"page","link":"https:\/\/spiritof.one\/index.php\/info\/","title":{"rendered":"Konzerte"},"content":{"rendered":"\t\t<div data-elementor-type=\"wp-page\" data-elementor-id=\"16\" class=\"elementor elementor-16\">\n\t\t\t\t\t\t<section class=\"elementor-section elementor-top-section elementor-element elementor-element-26d0bae8 elementor-section-full_width elementor-section-height-min-height elementor-section-content-middle elementor-reverse-mobile elementor-section-height-default elementor-section-items-middle\" data-id=\"26d0bae8\" data-element_type=\"section\" data-settings=\"{&quot;background_background&quot;:&quot;classic&quot;}\">\n\t\t\t\t\t\t<div class=\"elementor-container elementor-column-gap-no\">\n\t\t\t\t\t<div class=\"elementor-column elementor-col-100 elementor-top-column elementor-element elementor-element-7c5a6655\" data-id=\"7c5a6655\" data-element_type=\"column\" data-settings=\"{&quot;background_background&quot;:&quot;classic&quot;}\">\n\t\t\t<div class=\"elementor-widget-wrap elementor-element-populated\">\n\t\t\t\t\t\t<div class=\"elementor-element elementor-element-6291e90 elementor-invisible elementor-widget elementor-widget-heading\" data-id=\"6291e90\" data-element_type=\"widget\" data-settings=\"{&quot;_animation&quot;:&quot;fadeIn&quot;}\" data-widget_type=\"heading.default\">\n\t\t\t\t<div class=\"elementor-widget-container\">\n\t\t\t\t\t<h2 class=\"elementor-heading-title elementor-size-default\">18.10.2024 Schlo\u00dfkirche Pforzheim  20h<\/h2>\t\t\t\t<\/div>\n\t\t\t\t<\/div>\n\t\t\t\t<section class=\"elementor-section elementor-inner-section elementor-element elementor-element-1e0d328e elementor-section-full_width elementor-section-height-default elementor-section-height-default\" data-id=\"1e0d328e\" data-element_type=\"section\">\n\t\t\t\t\t\t<div class=\"elementor-container elementor-column-gap-no\">\n\t\t\t\t\t<div class=\"elementor-column elementor-col-100 elementor-inner-column elementor-element elementor-element-7f9def75 elementor-invisible\" data-id=\"7f9def75\" data-element_type=\"column\" data-settings=\"{&quot;animation&quot;:&quot;fadeIn&quot;,&quot;animation_delay&quot;:&quot;400&quot;,&quot;animation_mobile&quot;:&quot;none&quot;}\">\n\t\t\t<div class=\"elementor-widget-wrap elementor-element-populated\">\n\t\t\t\t\t\t<div class=\"elementor-element elementor-element-10a62449 elementor-widget elementor-widget-toggle\" data-id=\"10a62449\" data-element_type=\"widget\" data-widget_type=\"toggle.default\">\n\t\t\t\t<div class=\"elementor-widget-container\">\n\t\t\t\t\t\t\t<div class=\"elementor-toggle\">\n\t\t\t\t\t\t\t<div class=\"elementor-toggle-item\">\n\t\t\t\t\t<div id=\"elementor-tab-title-2791\" class=\"elementor-tab-title\" data-tab=\"1\" role=\"button\" aria-controls=\"elementor-tab-content-2791\" aria-expanded=\"false\">\n\t\t\t\t\t\t\t\t\t\t\t\t<span class=\"elementor-toggle-icon elementor-toggle-icon-right\" aria-hidden=\"true\">\n\t\t\t\t\t\t\t\t\t\t\t\t\t\t\t<span class=\"elementor-toggle-icon-closed\"><svg xmlns=\"http:\/\/www.w3.org\/2000\/svg\" id=\"af6e4202-b359-4edb-9e37-f3f2017007d6\" data-name=\"Layer 1\" width=\"10\" height=\"10\" viewBox=\"0 0 10 10\"><path d=\"M5,0H6.2V4.4h4.4V5.6H6.2V10H5V5.6H.6V4.4H5Z\" transform=\"translate(-0.5996)\"><\/path><\/svg><\/span>\n\t\t\t\t\t\t\t\t<span class=\"elementor-toggle-icon-opened\"><svg xmlns=\"http:\/\/www.w3.org\/2000\/svg\" id=\"f7b7f277-1ba9-4e85-9654-97d70d0c16d0\" data-name=\"Layer 1\" width=\"10\" height=\"1.2\" viewBox=\"0 0 10 1.2\"><path d=\"M10.6,4.4V5.6H.6V4.4Z\" transform=\"translate(-0.5996 -4.4)\"><\/path><\/svg><\/span>\n\t\t\t\t\t\t\t\t\t\t\t\t\t<\/span>\n\t\t\t\t\t\t\t\t\t\t\t\t<a class=\"elementor-toggle-title\" tabindex=\"0\">Was wird gespielt ?<\/a>\n\t\t\t\t\t<\/div>\n\n\t\t\t\t\t<div id=\"elementor-tab-content-2791\" class=\"elementor-tab-content elementor-clearfix\" data-tab=\"1\" role=\"region\" aria-labelledby=\"elementor-tab-title-2791\"><p>Wir spielen einen bunten Mix aus spirituell inspirierter Musik aus verschiedensten Kulturen. Vom Bach-Choral \u00fcber buddhistische Mantren zur alevitischen Musik der Derwische. Als besonderen Gast berg\u00fc\u00dfen wir die Soul- und Pops\u00e4ngerin Sonja Priehn.\u00a0<\/p><\/div>\n\t\t\t\t<\/div>\n\t\t\t\t\t\t\t<div class=\"elementor-toggle-item\">\n\t\t\t\t\t<div id=\"elementor-tab-title-2792\" class=\"elementor-tab-title\" data-tab=\"2\" role=\"button\" aria-controls=\"elementor-tab-content-2792\" aria-expanded=\"false\">\n\t\t\t\t\t\t\t\t\t\t\t\t<span class=\"elementor-toggle-icon elementor-toggle-icon-right\" aria-hidden=\"true\">\n\t\t\t\t\t\t\t\t\t\t\t\t\t\t\t<span class=\"elementor-toggle-icon-closed\"><svg xmlns=\"http:\/\/www.w3.org\/2000\/svg\" id=\"af6e4202-b359-4edb-9e37-f3f2017007d6\" data-name=\"Layer 1\" width=\"10\" height=\"10\" viewBox=\"0 0 10 10\"><path d=\"M5,0H6.2V4.4h4.4V5.6H6.2V10H5V5.6H.6V4.4H5Z\" transform=\"translate(-0.5996)\"><\/path><\/svg><\/span>\n\t\t\t\t\t\t\t\t<span class=\"elementor-toggle-icon-opened\"><svg xmlns=\"http:\/\/www.w3.org\/2000\/svg\" id=\"f7b7f277-1ba9-4e85-9654-97d70d0c16d0\" data-name=\"Layer 1\" width=\"10\" height=\"1.2\" viewBox=\"0 0 10 1.2\"><path d=\"M10.6,4.4V5.6H.6V4.4Z\" transform=\"translate(-0.5996 -4.4)\"><\/path><\/svg><\/span>\n\t\t\t\t\t\t\t\t\t\t\t\t\t<\/span>\n\t\t\t\t\t\t\t\t\t\t\t\t<a class=\"elementor-toggle-title\" tabindex=\"0\">Welche Texte werden gesprochen ?<\/a>\n\t\t\t\t\t<\/div>\n\n\t\t\t\t\t<div id=\"elementor-tab-content-2792\" class=\"elementor-tab-content elementor-clearfix\" data-tab=\"2\" role=\"region\" aria-labelledby=\"elementor-tab-title-2792\"><p>Die Texte stammen aus unterschiedlichen mystischen Traditionen: Meister Eckhardt und Novalis aus dem Christentum,\u00a0 Lao-Tse aus dem Zen-Buddhismus,\u00a0 Yunus Emre und Rumi aus dem Islam.<\/p><\/div>\n\t\t\t\t<\/div>\n\t\t\t\t\t\t\t<div class=\"elementor-toggle-item\">\n\t\t\t\t\t<div id=\"elementor-tab-title-2793\" class=\"elementor-tab-title\" data-tab=\"3\" role=\"button\" aria-controls=\"elementor-tab-content-2793\" aria-expanded=\"false\">\n\t\t\t\t\t\t\t\t\t\t\t\t<span class=\"elementor-toggle-icon elementor-toggle-icon-right\" aria-hidden=\"true\">\n\t\t\t\t\t\t\t\t\t\t\t\t\t\t\t<span class=\"elementor-toggle-icon-closed\"><svg xmlns=\"http:\/\/www.w3.org\/2000\/svg\" id=\"af6e4202-b359-4edb-9e37-f3f2017007d6\" data-name=\"Layer 1\" width=\"10\" height=\"10\" viewBox=\"0 0 10 10\"><path d=\"M5,0H6.2V4.4h4.4V5.6H6.2V10H5V5.6H.6V4.4H5Z\" transform=\"translate(-0.5996)\"><\/path><\/svg><\/span>\n\t\t\t\t\t\t\t\t<span class=\"elementor-toggle-icon-opened\"><svg xmlns=\"http:\/\/www.w3.org\/2000\/svg\" id=\"f7b7f277-1ba9-4e85-9654-97d70d0c16d0\" data-name=\"Layer 1\" width=\"10\" height=\"1.2\" viewBox=\"0 0 10 1.2\"><path d=\"M10.6,4.4V5.6H.6V4.4Z\" transform=\"translate(-0.5996 -4.4)\"><\/path><\/svg><\/span>\n\t\t\t\t\t\t\t\t\t\t\t\t\t<\/span>\n\t\t\t\t\t\t\t\t\t\t\t\t<a class=\"elementor-toggle-title\" tabindex=\"0\">Wo bekommt man Karten ?<\/a>\n\t\t\t\t\t<\/div>\n\n\t\t\t\t\t<div id=\"elementor-tab-content-2793\" class=\"elementor-tab-content elementor-clearfix\" data-tab=\"3\" role=\"region\" aria-labelledby=\"elementor-tab-title-2793\"><p>Bei <a href=\"https:\/\/www.reservix.de\/tickets-spirit-of-one-benefizkonzert-fuer-den-foerderverein-an-der-schlosskirche-st-michael-in-pforzheim-schlosskirche-st-michael-am-18-10-2025\/e2413768\">Reservix<\/a> und der Pforzheimer Zeitung\u00a0<\/p><\/div>\n\t\t\t\t<\/div>\n\t\t\t\t\t\t\t\t<\/div>\n\t\t\t\t\t\t<\/div>\n\t\t\t\t<\/div>\n\t\t\t\t\t<\/div>\n\t\t<\/div>\n\t\t\t\t\t<\/div>\n\t\t<\/section>\n\t\t\t\t\t<\/div>\n\t\t<\/div>\n\t\t\t\t\t<\/div>\n\t\t<\/section>\n\t\t\t\t<section class=\"elementor-section elementor-top-section elementor-element elementor-element-611e53a elementor-section-full_width elementor-section-height-min-height elementor-section-content-middle elementor-reverse-mobile elementor-section-height-default elementor-section-items-middle\" data-id=\"611e53a\" data-element_type=\"section\" data-settings=\"{&quot;background_background&quot;:&quot;classic&quot;}\">\n\t\t\t\t\t\t<div class=\"elementor-container elementor-column-gap-no\">\n\t\t\t\t\t<div class=\"elementor-column elementor-col-100 elementor-top-column elementor-element elementor-element-9f61417\" data-id=\"9f61417\" data-element_type=\"column\" data-settings=\"{&quot;background_background&quot;:&quot;classic&quot;}\">\n\t\t\t<div class=\"elementor-widget-wrap elementor-element-populated\">\n\t\t\t\t\t\t<div class=\"elementor-element elementor-element-e9d5762 elementor-invisible elementor-widget elementor-widget-heading\" data-id=\"e9d5762\" data-element_type=\"widget\" data-settings=\"{&quot;_animation&quot;:&quot;fadeIn&quot;}\" data-widget_type=\"heading.default\">\n\t\t\t\t<div class=\"elementor-widget-container\">\n\t\t\t\t\t<h2 class=\"elementor-heading-title elementor-size-default\">12.12.2024 Erl\u00f6serkirche Stuttgart 20h<\/h2>\t\t\t\t<\/div>\n\t\t\t\t<\/div>\n\t\t\t\t<section class=\"elementor-section elementor-inner-section elementor-element elementor-element-4bbf347 elementor-section-full_width elementor-section-height-default elementor-section-height-default\" data-id=\"4bbf347\" data-element_type=\"section\">\n\t\t\t\t\t\t<div class=\"elementor-container elementor-column-gap-no\">\n\t\t\t\t\t<div class=\"elementor-column elementor-col-100 elementor-inner-column elementor-element elementor-element-dd81caf elementor-invisible\" data-id=\"dd81caf\" data-element_type=\"column\" data-settings=\"{&quot;animation&quot;:&quot;fadeIn&quot;,&quot;animation_delay&quot;:&quot;400&quot;,&quot;animation_mobile&quot;:&quot;none&quot;}\">\n\t\t\t<div class=\"elementor-widget-wrap elementor-element-populated\">\n\t\t\t\t\t\t<div class=\"elementor-element elementor-element-b4a0c64 elementor-widget elementor-widget-toggle\" data-id=\"b4a0c64\" data-element_type=\"widget\" data-widget_type=\"toggle.default\">\n\t\t\t\t<div class=\"elementor-widget-container\">\n\t\t\t\t\t\t\t<div class=\"elementor-toggle\">\n\t\t\t\t\t\t\t<div class=\"elementor-toggle-item\">\n\t\t\t\t\t<div id=\"elementor-tab-title-1891\" class=\"elementor-tab-title\" data-tab=\"1\" role=\"button\" aria-controls=\"elementor-tab-content-1891\" aria-expanded=\"false\">\n\t\t\t\t\t\t\t\t\t\t\t\t<span class=\"elementor-toggle-icon elementor-toggle-icon-right\" aria-hidden=\"true\">\n\t\t\t\t\t\t\t\t\t\t\t\t\t\t\t<span class=\"elementor-toggle-icon-closed\"><svg xmlns=\"http:\/\/www.w3.org\/2000\/svg\" id=\"af6e4202-b359-4edb-9e37-f3f2017007d6\" data-name=\"Layer 1\" width=\"10\" height=\"10\" viewBox=\"0 0 10 10\"><path d=\"M5,0H6.2V4.4h4.4V5.6H6.2V10H5V5.6H.6V4.4H5Z\" transform=\"translate(-0.5996)\"><\/path><\/svg><\/span>\n\t\t\t\t\t\t\t\t<span class=\"elementor-toggle-icon-opened\"><svg xmlns=\"http:\/\/www.w3.org\/2000\/svg\" id=\"f7b7f277-1ba9-4e85-9654-97d70d0c16d0\" data-name=\"Layer 1\" width=\"10\" height=\"1.2\" viewBox=\"0 0 10 1.2\"><path d=\"M10.6,4.4V5.6H.6V4.4Z\" transform=\"translate(-0.5996 -4.4)\"><\/path><\/svg><\/span>\n\t\t\t\t\t\t\t\t\t\t\t\t\t<\/span>\n\t\t\t\t\t\t\t\t\t\t\t\t<a class=\"elementor-toggle-title\" tabindex=\"0\">Was wird gespielt ?<\/a>\n\t\t\t\t\t<\/div>\n\n\t\t\t\t\t<div id=\"elementor-tab-content-1891\" class=\"elementor-tab-content elementor-clearfix\" data-tab=\"1\" role=\"region\" aria-labelledby=\"elementor-tab-title-1891\"><p>Wir spielen einen bunten Mix aus spirituell inspirierter Musik aus verschiedensten Kulturen. Vom Bach-Choral \u00fcber buddhistische Mantren zur alevitischen Musik der Derwische. Als besonderen Gast berg\u00fc\u00dfen wir die Soul- und Pops\u00e4ngerin Sonja Priehn.\u00a0<\/p><\/div>\n\t\t\t\t<\/div>\n\t\t\t\t\t\t\t<div class=\"elementor-toggle-item\">\n\t\t\t\t\t<div id=\"elementor-tab-title-1892\" class=\"elementor-tab-title\" data-tab=\"2\" role=\"button\" aria-controls=\"elementor-tab-content-1892\" aria-expanded=\"false\">\n\t\t\t\t\t\t\t\t\t\t\t\t<span class=\"elementor-toggle-icon elementor-toggle-icon-right\" aria-hidden=\"true\">\n\t\t\t\t\t\t\t\t\t\t\t\t\t\t\t<span class=\"elementor-toggle-icon-closed\"><svg xmlns=\"http:\/\/www.w3.org\/2000\/svg\" id=\"af6e4202-b359-4edb-9e37-f3f2017007d6\" data-name=\"Layer 1\" width=\"10\" height=\"10\" viewBox=\"0 0 10 10\"><path d=\"M5,0H6.2V4.4h4.4V5.6H6.2V10H5V5.6H.6V4.4H5Z\" transform=\"translate(-0.5996)\"><\/path><\/svg><\/span>\n\t\t\t\t\t\t\t\t<span class=\"elementor-toggle-icon-opened\"><svg xmlns=\"http:\/\/www.w3.org\/2000\/svg\" id=\"f7b7f277-1ba9-4e85-9654-97d70d0c16d0\" data-name=\"Layer 1\" width=\"10\" height=\"1.2\" viewBox=\"0 0 10 1.2\"><path d=\"M10.6,4.4V5.6H.6V4.4Z\" transform=\"translate(-0.5996 -4.4)\"><\/path><\/svg><\/span>\n\t\t\t\t\t\t\t\t\t\t\t\t\t<\/span>\n\t\t\t\t\t\t\t\t\t\t\t\t<a class=\"elementor-toggle-title\" tabindex=\"0\">Welche Texte werden gesprochen ?<\/a>\n\t\t\t\t\t<\/div>\n\n\t\t\t\t\t<div id=\"elementor-tab-content-1892\" class=\"elementor-tab-content elementor-clearfix\" data-tab=\"2\" role=\"region\" aria-labelledby=\"elementor-tab-title-1892\"><p>Die Texte stammen aus unterschiedlichen mystischen Traditionen: Meister Eckhardt und Novalis aus dem Christentum,\u00a0 Lao-Tse aus dem Zen-Buddhismus,\u00a0 Yunus Emre und Rumi aus dem Islam. Als besonderen Gast begr\u00fc\u00dfen wir den Schauspieler Andreas Klaue, bekannt durch seine langj\u00e4hrige Arbeit den Schauspielb\u00fchnen Stuttgart.\u00a0<\/p><\/div>\n\t\t\t\t<\/div>\n\t\t\t\t\t\t\t<div class=\"elementor-toggle-item\">\n\t\t\t\t\t<div id=\"elementor-tab-title-1893\" class=\"elementor-tab-title\" data-tab=\"3\" role=\"button\" aria-controls=\"elementor-tab-content-1893\" aria-expanded=\"false\">\n\t\t\t\t\t\t\t\t\t\t\t\t<span class=\"elementor-toggle-icon elementor-toggle-icon-right\" aria-hidden=\"true\">\n\t\t\t\t\t\t\t\t\t\t\t\t\t\t\t<span class=\"elementor-toggle-icon-closed\"><svg xmlns=\"http:\/\/www.w3.org\/2000\/svg\" id=\"af6e4202-b359-4edb-9e37-f3f2017007d6\" data-name=\"Layer 1\" width=\"10\" height=\"10\" viewBox=\"0 0 10 10\"><path d=\"M5,0H6.2V4.4h4.4V5.6H6.2V10H5V5.6H.6V4.4H5Z\" transform=\"translate(-0.5996)\"><\/path><\/svg><\/span>\n\t\t\t\t\t\t\t\t<span class=\"elementor-toggle-icon-opened\"><svg xmlns=\"http:\/\/www.w3.org\/2000\/svg\" id=\"f7b7f277-1ba9-4e85-9654-97d70d0c16d0\" data-name=\"Layer 1\" width=\"10\" height=\"1.2\" viewBox=\"0 0 10 1.2\"><path d=\"M10.6,4.4V5.6H.6V4.4Z\" transform=\"translate(-0.5996 -4.4)\"><\/path><\/svg><\/span>\n\t\t\t\t\t\t\t\t\t\t\t\t\t<\/span>\n\t\t\t\t\t\t\t\t\t\t\t\t<a class=\"elementor-toggle-title\" tabindex=\"0\">Wo bekommt man Karten ?<\/a>\n\t\t\t\t\t<\/div>\n\n\t\t\t\t\t<div id=\"elementor-tab-content-1893\" class=\"elementor-tab-content elementor-clearfix\" data-tab=\"3\" role=\"region\" aria-labelledby=\"elementor-tab-title-1893\"><p>An der Abendkasse ab 19h am 12.12. in der Erl\u00f6serkirche\u00a0<\/p><\/div>\n\t\t\t\t<\/div>\n\t\t\t\t\t\t\t\t<\/div>\n\t\t\t\t\t\t<\/div>\n\t\t\t\t<\/div>\n\t\t\t\t\t<\/div>\n\t\t<\/div>\n\t\t\t\t\t<\/div>\n\t\t<\/section>\n\t\t\t\t\t<\/div>\n\t\t<\/div>\n\t\t\t\t\t<\/div>\n\t\t<\/section>\n\t\t\t\t<section class=\"elementor-section elementor-top-section elementor-element elementor-element-8609ca2 elementor-section-boxed elementor-section-height-default elementor-section-height-default\" data-id=\"8609ca2\" data-element_type=\"section\">\n\t\t\t\t\t\t<div class=\"elementor-container elementor-column-gap-default\">\n\t\t\t\t\t<div class=\"elementor-column elementor-col-100 elementor-top-column elementor-element elementor-element-4a6790c\" data-id=\"4a6790c\" data-element_type=\"column\">\n\t\t\t<div class=\"elementor-widget-wrap elementor-element-populated\">\n\t\t\t\t\t\t<div class=\"elementor-element elementor-element-a4a3f70 elementor-widget elementor-widget-image\" data-id=\"a4a3f70\" data-element_type=\"widget\" data-widget_type=\"image.default\">\n\t\t\t\t<div class=\"elementor-widget-container\">\n\t\t\t\t\t\t\t\t\t\t\t\t\t\t\t<img fetchpriority=\"high\" decoding=\"async\" width=\"660\" height=\"1024\" src=\"https:\/\/spiritof.one\/wp-content\/uploads\/2023\/01\/OdK_25_PZ_Eckfeld_final-660x1024.jpg\" class=\"attachment-large size-large wp-image-141\" alt=\"Spirit of One Plakat Pforzheim 2025\" srcset=\"https:\/\/spiritof.one\/wp-content\/uploads\/2023\/01\/OdK_25_PZ_Eckfeld_final-660x1024.jpg 660w, https:\/\/spiritof.one\/wp-content\/uploads\/2023\/01\/OdK_25_PZ_Eckfeld_final-193x300.jpg 193w, https:\/\/spiritof.one\/wp-content\/uploads\/2023\/01\/OdK_25_PZ_Eckfeld_final-768x1191.jpg 768w, https:\/\/spiritof.one\/wp-content\/uploads\/2023\/01\/OdK_25_PZ_Eckfeld_final-990x1536.jpg 990w, https:\/\/spiritof.one\/wp-content\/uploads\/2023\/01\/OdK_25_PZ_Eckfeld_final-1321x2048.jpg 1321w, https:\/\/spiritof.one\/wp-content\/uploads\/2023\/01\/OdK_25_PZ_Eckfeld_final-scaled.jpg 1651w\" sizes=\"(max-width: 660px) 100vw, 660px\" \/>\t\t\t\t\t\t\t\t\t\t\t\t\t\t\t<\/div>\n\t\t\t\t<\/div>\n\t\t\t\t\t<\/div>\n\t\t<\/div>\n\t\t\t\t\t<\/div>\n\t\t<\/section>\n\t\t\t\t<\/div>\n\t\t","protected":false},"excerpt":{"rendered":"<p>18.10.2024 Schlo\u00dfkirche Pforzheim 20h Was wird gespielt ? Wir spielen einen bunten Mix aus spirituell inspirierter Musik aus verschiedensten Kulturen. Vom Bach-Choral \u00fcber buddhistische Mantren zur alevitischen Musik der Derwische. Als besonderen Gast berg\u00fc\u00dfen wir die Soul- und Pops\u00e4ngerin Sonja Priehn.\u00a0 Welche Texte werden gesprochen ? Die Texte stammen aus unterschiedlichen mystischen Traditionen: Meister Eckhardt [&hellip;]<\/p>\n","protected":false},"author":1,"featured_media":0,"parent":0,"menu_order":0,"comment_status":"closed","ping_status":"closed","template":"","meta":{"_eb_attr":"","footnotes":""},"class_list":["post-16","page","type-page","status-publish","hentry"],"_links":{"self":[{"href":"https:\/\/spiritof.one\/index.php\/wp-json\/wp\/v2\/pages\/16","targetHints":{"allow":["GET"]}}],"collection":[{"href":"https:\/\/spiritof.one\/index.php\/wp-json\/wp\/v2\/pages"}],"about":[{"href":"https:\/\/spiritof.one\/index.php\/wp-json\/wp\/v2\/types\/page"}],"author":[{"embeddable":true,"href":"https:\/\/spiritof.one\/index.php\/wp-json\/wp\/v2\/users\/1"}],"replies":[{"embeddable":true,"href":"https:\/\/spiritof.one\/index.php\/wp-json\/wp\/v2\/comments?post=16"}],"version-history":[{"count":30,"href":"https:\/\/spiritof.one\/index.php\/wp-json\/wp\/v2\/pages\/16\/revisions"}],"predecessor-version":[{"id":215,"href":"https:\/\/spiritof.one\/index.php\/wp-json\/wp\/v2\/pages\/16\/revisions\/215"}],"wp:attachment":[{"href":"https:\/\/spiritof.one\/index.php\/wp-json\/wp\/v2\/media?parent=16"}],"curies":[{"name":"wp","href":"https:\/\/api.w.org\/{rel}","templated":true}]}}